{"id":777,"date":"2026-03-01T15:06:47","date_gmt":"2026-03-01T14:06:47","guid":{"rendered":"https:\/\/vdvphotographics.com\/?page_id=777"},"modified":"2026-03-01T15:19:46","modified_gmt":"2026-03-01T14:19:46","slug":"commercial","status":"publish","type":"page","link":"https:\/\/vdvphotographics.com\/fr\/commercial\/","title":{"rendered":"La photographie d&rsquo;int\u00e9rieur"},"content":{"rendered":"\n<p>La photographie d&rsquo;int\u00e9rieur, c\u2019est bien plus que de belles images.<br>Elle repose sur un vrai sens de l\u2019espace, de la lumi\u00e8re et du d\u00e9tail. Gr\u00e2ce \u00e0 la bonne composition, \u00e0 un stylisme soign\u00e9 et \u00e0 un \u00e9clairage adapt\u00e9, je donne vie aux int\u00e9rieurs. Mon expertise technique et mon regard cr\u00e9atif me permettent de capturer l\u2019ambiance exactement comme vous l\u2019imaginez.<\/p>\n\n\n\n<figure class=\"wp-block-gallery has-nested-images columns-default is-cropped wp-block-gallery-1 is-layout-flex wp-block-gallery-is-layout-flex\">\n<figure class=\"wp-block-image size-large\"><img loading=\"lazy\" decoding=\"async\" width=\"1024\" height=\"768\" data-id=\"426\" src=\"https:\/\/vdvphotographics.com\/wp-content\/uploads\/2025\/05\/Coutre3-1024x768.jpg\" alt=\"\" class=\"wp-image-426\" srcset=\"https:\/\/vdvphotographics.com\/wp-content\/uploads\/2025\/05\/Coutre3-1024x768.jpg 1024w, https:\/\/vdvphotographics.com\/wp-content\/uploads\/2025\/05\/Coutre3-300x225.jpg 300w, https:\/\/vdvphotographics.com\/wp-content\/uploads\/2025\/05\/Coutre3-768x576.jpg 768w, https:\/\/vdvphotographics.com\/wp-content\/uploads\/2025\/05\/Coutre3.jpg 1400w\" sizes=\"auto, (max-width: 1024px) 100vw, 1024px\" \/><\/figure>\n\n\n\n<figure class=\"wp-block-image size-large\"><img loading=\"lazy\" decoding=\"async\" width=\"1024\" height=\"768\" data-id=\"431\" src=\"https:\/\/vdvphotographics.com\/wp-content\/uploads\/2025\/05\/Coutre8-1024x768.jpg\" alt=\"\" class=\"wp-image-431\" srcset=\"https:\/\/vdvphotographics.com\/wp-content\/uploads\/2025\/05\/Coutre8-1024x768.jpg 1024w, https:\/\/vdvphotographics.com\/wp-content\/uploads\/2025\/05\/Coutre8-300x225.jpg 300w, https:\/\/vdvphotographics.com\/wp-content\/uploads\/2025\/05\/Coutre8-768x576.jpg 768w, https:\/\/vdvphotographics.com\/wp-content\/uploads\/2025\/05\/Coutre8.jpg 1400w\" sizes=\"auto, (max-width: 1024px) 100vw, 1024px\" \/><\/figure>\n\n\n\n<figure class=\"wp-block-image size-large\"><img loading=\"lazy\" decoding=\"async\" width=\"1024\" height=\"768\" data-id=\"435\" src=\"https:\/\/vdvphotographics.com\/wp-content\/uploads\/2025\/05\/Coutre1-1024x768.jpg\" alt=\"\" class=\"wp-image-435\" srcset=\"https:\/\/vdvphotographics.com\/wp-content\/uploads\/2025\/05\/Coutre1-1024x768.jpg 1024w, https:\/\/vdvphotographics.com\/wp-content\/uploads\/2025\/05\/Coutre1-300x225.jpg 300w, https:\/\/vdvphotographics.com\/wp-content\/uploads\/2025\/05\/Coutre1-768x576.jpg 768w, https:\/\/vdvphotographics.com\/wp-content\/uploads\/2025\/05\/Coutre1.jpg 1400w\" sizes=\"auto, (max-width: 1024px) 100vw, 1024px\" \/><\/figure>\n\n\n\n<figure class=\"wp-block-image size-large\"><img loading=\"lazy\" decoding=\"async\" width=\"1024\" height=\"769\" data-id=\"433\" src=\"https:\/\/vdvphotographics.com\/wp-content\/uploads\/2025\/05\/Coutre10-1024x769.jpg\" alt=\"\" class=\"wp-image-433\" srcset=\"https:\/\/vdvphotographics.com\/wp-content\/uploads\/2025\/05\/Coutre10-1024x769.jpg 1024w, https:\/\/vdvphotographics.com\/wp-content\/uploads\/2025\/05\/Coutre10-300x225.jpg 300w, https:\/\/vdvphotographics.com\/wp-content\/uploads\/2025\/05\/Coutre10-768x577.jpg 768w, https:\/\/vdvphotographics.com\/wp-content\/uploads\/2025\/05\/Coutre10.jpg 1400w\" sizes=\"auto, (max-width: 1024px) 100vw, 1024px\" \/><\/figure>\n\n\n\n<figure class=\"wp-block-image size-large\"><img loading=\"lazy\" decoding=\"async\" width=\"1024\" height=\"768\" data-id=\"429\" src=\"https:\/\/vdvphotographics.com\/wp-content\/uploads\/2025\/05\/Coutre6-1024x768.jpg\" alt=\"\" class=\"wp-image-429\" srcset=\"https:\/\/vdvphotographics.com\/wp-content\/uploads\/2025\/05\/Coutre6-1024x768.jpg 1024w, https:\/\/vdvphotographics.com\/wp-content\/uploads\/2025\/05\/Coutre6-300x225.jpg 300w, https:\/\/vdvphotographics.com\/wp-content\/uploads\/2025\/05\/Coutre6-768x576.jpg 768w, https:\/\/vdvphotographics.com\/wp-content\/uploads\/2025\/05\/Coutre6.jpg 1400w\" sizes=\"auto, (max-width: 1024px) 100vw, 1024px\" \/><\/figure>\n\n\n\n<figure class=\"wp-block-image size-large\"><img loading=\"lazy\" decoding=\"async\" width=\"1024\" height=\"768\" data-id=\"428\" src=\"https:\/\/vdvphotographics.com\/wp-content\/uploads\/2025\/05\/Coutre5-1024x768.jpg\" alt=\"\" class=\"wp-image-428\" srcset=\"https:\/\/vdvphotographics.com\/wp-content\/uploads\/2025\/05\/Coutre5-1024x768.jpg 1024w, https:\/\/vdvphotographics.com\/wp-content\/uploads\/2025\/05\/Coutre5-300x225.jpg 300w, https:\/\/vdvphotographics.com\/wp-content\/uploads\/2025\/05\/Coutre5-768x576.jpg 768w, https:\/\/vdvphotographics.com\/wp-content\/uploads\/2025\/05\/Coutre5.jpg 1400w\" sizes=\"auto, (max-width: 1024px) 100vw, 1024px\" \/><\/figure>\n\n\n\n<figure class=\"wp-block-image size-large\"><img loading=\"lazy\" decoding=\"async\" width=\"1024\" height=\"768\" data-id=\"427\" src=\"https:\/\/vdvphotographics.com\/wp-content\/uploads\/2025\/05\/Coutre4-1024x768.jpg\" alt=\"\" class=\"wp-image-427\" srcset=\"https:\/\/vdvphotographics.com\/wp-content\/uploads\/2025\/05\/Coutre4-1024x768.jpg 1024w, https:\/\/vdvphotographics.com\/wp-content\/uploads\/2025\/05\/Coutre4-300x225.jpg 300w, https:\/\/vdvphotographics.com\/wp-content\/uploads\/2025\/05\/Coutre4-768x576.jpg 768w, https:\/\/vdvphotographics.com\/wp-content\/uploads\/2025\/05\/Coutre4.jpg 1400w\" sizes=\"auto, (max-width: 1024px) 100vw, 1024px\" \/><\/figure>\n\n\n\n<figure class=\"wp-block-image size-large\"><img loading=\"lazy\" decoding=\"async\" width=\"682\" height=\"1024\" data-id=\"432\" src=\"https:\/\/vdvphotographics.com\/wp-content\/uploads\/2025\/05\/Coutre9-682x1024.jpg\" alt=\"\" class=\"wp-image-432\" srcset=\"https:\/\/vdvphotographics.com\/wp-content\/uploads\/2025\/05\/Coutre9-682x1024.jpg 682w, https:\/\/vdvphotographics.com\/wp-content\/uploads\/2025\/05\/Coutre9-200x300.jpg 200w, https:\/\/vdvphotographics.com\/wp-content\/uploads\/2025\/05\/Coutre9-768x1152.jpg 768w, https:\/\/vdvphotographics.com\/wp-content\/uploads\/2025\/05\/Coutre9.jpg 933w\" sizes=\"auto, (max-width: 682px) 100vw, 682px\" \/><\/figure>\n\n\n\n<figure class=\"wp-block-image size-large\"><img loading=\"lazy\" decoding=\"async\" width=\"1024\" height=\"756\" data-id=\"430\" src=\"https:\/\/vdvphotographics.com\/wp-content\/uploads\/2025\/05\/Coutre7-1024x756.jpg\" alt=\"\" class=\"wp-image-430\" srcset=\"https:\/\/vdvphotographics.com\/wp-content\/uploads\/2025\/05\/Coutre7-1024x756.jpg 1024w, https:\/\/vdvphotographics.com\/wp-content\/uploads\/2025\/05\/Coutre7-300x221.jpg 300w, https:\/\/vdvphotographics.com\/wp-content\/uploads\/2025\/05\/Coutre7-768x567.jpg 768w, https:\/\/vdvphotographics.com\/wp-content\/uploads\/2025\/05\/Coutre7.jpg 1400w\" sizes=\"auto, (max-width: 1024px) 100vw, 1024px\" \/><\/figure>\n<\/figure>\n\n\n\n<div class=\"wp-block-buttons is-layout-flex wp-block-buttons-is-layout-flex\">\n<div class=\"wp-block-button\"><a class=\"wp-block-button__link wp-element-button\" href=\"https:\/\/vdvphotographics.com\/fr\/contact\/\">Contact<\/a><\/div>\n<\/div>\n","protected":false},"excerpt":{"rendered":"<p>La photographie d&rsquo;int\u00e9rieur, c\u2019est bien plus que de belles images.Elle repose sur un vrai sens de l\u2019espace, de la lumi\u00e8re et du d\u00e9tail. Gr\u00e2ce \u00e0 la bonne composition, \u00e0 un stylisme soign\u00e9 et \u00e0 un \u00e9clairage adapt\u00e9, je donne vie aux int\u00e9rieurs. Mon expertise technique et mon regard cr\u00e9atif me permettent de capturer l\u2019ambiance exactement [&hellip;]<\/p>\n","protected":false},"author":1,"featured_media":0,"parent":0,"menu_order":0,"comment_status":"closed","ping_status":"closed","template":"","meta":{"_locale":"fr_FR","_original_post":"https:\/\/vdvphotographics.com\/?page_id=775","footnotes":""},"class_list":["post-777","page","type-page","status-publish","hentry","fr-FR"],"_links":{"self":[{"href":"https:\/\/vdvphotographics.com\/wp-json\/wp\/v2\/pages\/777","targetHints":{"allow":["GET"]}}],"collection":[{"href":"https:\/\/vdvphotographics.com\/wp-json\/wp\/v2\/pages"}],"about":[{"href":"https:\/\/vdvphotographics.com\/wp-json\/wp\/v2\/types\/page"}],"author":[{"embeddable":true,"href":"https:\/\/vdvphotographics.com\/wp-json\/wp\/v2\/users\/1"}],"replies":[{"embeddable":true,"href":"https:\/\/vdvphotographics.com\/wp-json\/wp\/v2\/comments?post=777"}],"version-history":[{"count":2,"href":"https:\/\/vdvphotographics.com\/wp-json\/wp\/v2\/pages\/777\/revisions"}],"predecessor-version":[{"id":784,"href":"https:\/\/vdvphotographics.com\/wp-json\/wp\/v2\/pages\/777\/revisions\/784"}],"wp:attachment":[{"href":"https:\/\/vdvphotographics.com\/wp-json\/wp\/v2\/media?parent=777"}],"curies":[{"name":"wp","href":"https:\/\/api.w.org\/{rel}","templated":true}]}}