{"id":629,"date":"2025-12-30T17:36:28","date_gmt":"2025-12-30T16:36:28","guid":{"rendered":"https:\/\/vdvphotographics.com\/?page_id=629"},"modified":"2026-03-08T14:54:44","modified_gmt":"2026-03-08T13:54:44","slug":"expositions","status":"publish","type":"page","link":"https:\/\/vdvphotographics.com\/fr\/expositions\/","title":{"rendered":"Expositions"},"content":{"rendered":"\n<p>19 &amp; 20 septembre 2026<br>EuropArtFair, MECC Maastricht (NL)<\/p>\n\n\n\n<p>3 avril 2026 \u2013 12 juillet 2026<br>Spazio 24 \u2013 Wiedauwkaai 24, 9000 Gand<br>Heures d\u2019ouverture :\u00a0<a href=\"https:\/\/www.spazio24.be\/contact-3\/\">https:\/\/www.spazio24.be\/contact-3\/<\/a><\/p>\n\n\n\n<p>23 f\u00e9vrier 2026 \u2013 23 f\u00e9vrier 2027<br>Dix photographies ont \u00e9t\u00e9 s\u00e9lectionn\u00e9es par&nbsp;Galerie Azur&nbsp;New York pour leur exposition en ligne pendant un an :<br><a href=\"http:\/\/www.galeriaazur.art\/\">www.galeriaazur.art<\/a>&nbsp;&amp;&nbsp;<a href=\"http:\/\/www.artsy.net\/\">www.artsy.net<\/a><\/p>\n\n\n\n<p>Janvier 2026<br>The Winter Show , rotation d\u2019\u0153uvres d\u2019art sur le r\u00e9seau d\u2019\u00e9crans d\u2019Art Seen (NY)<\/p>\n\n\n\n<p>22 novembre \u2013 4 d\u00e9cembre 2020<br>Exposition collective &lsquo;Little Treasures&rsquo;, Galerie d&rsquo;Art de Marchi, Bologne (IT)<\/p>\n\n\n\n<p>22 ao\u00fbt &#8211; 24 ao\u00fbt 2025<br>Artist Meeting, Grand Casino Knokke (B)<br>Laur\u00e9at du Prix Honda Art : 1er prix pour l\u2019\u0153uvre expos\u00e9e.<\/p>\n\n\n\n<p>12 juillet &#8211; 13 juillet 2025<br>Exposition collective &lsquo;House of Arts&rsquo;, Temselaan 11<br>Strombeek-Bever (B)<\/p>\n\n\n\n<p>18 mai 2025<br>Journ\u00e9e portes ouvertes de l&rsquo;atelier (Oudburg 64 bus 001 \u00e0 Gand).<br>Bienvenue de 11h \u00e0 18h.<\/p>\n\n\n\n<p>6 d\u00e9cembre 2024 \u2013 31 janvier 2025<br>Exposition collective \u00e0 la Galerie Art For All,<br>Vrijdagsmarkt 45Gand (B)<br><br>6 juin &#8211; 17 juillet 2024<br>Exposition duo chez Coutre M.A.M., Kleinvleeshuissteeg 2A Gand (B)<\/p>\n\n\n\n<p>8 juin &#8211; 16 juin 2024<br>Exposition collective chez Lalement, Doornzelestraat 71 Gand (B)<\/p>\n\n\n\n<p>17 juin &#8211; 25 juin 2023<br>Exposition collective \u00e0 l&rsquo;Acad\u00e9mie Sint-Lucas Gand (B)<\/p>\n\n\n\n<p><\/p>\n","protected":false},"excerpt":{"rendered":"<p>19 &amp; 20 septembre 2026EuropArtFair, MECC Maastricht (NL) 3 avril 2026 \u2013 12 juillet 2026Spazio 24 \u2013 Wiedauwkaai 24, 9000 GandHeures d\u2019ouverture :\u00a0https:\/\/www.spazio24.be\/contact-3\/ 23 f\u00e9vrier 2026 \u2013 23 f\u00e9vrier 2027Dix photographies ont \u00e9t\u00e9 s\u00e9lectionn\u00e9es par&nbsp;Galerie Azur&nbsp;New York pour leur exposition en ligne pendant un an :www.galeriaazur.art&nbsp;&amp;&nbsp;www.artsy.net Janvier 2026The Winter Show , rotation d\u2019\u0153uvres d\u2019art sur [&hellip;]<\/p>\n","protected":false},"author":2,"featured_media":0,"parent":0,"menu_order":0,"comment_status":"closed","ping_status":"closed","template":"","meta":{"_locale":"fr_FR","_original_post":"https:\/\/vdvphotographics.com\/?page_id=620","footnotes":""},"class_list":["post-629","page","type-page","status-publish","hentry","fr-FR"],"_links":{"self":[{"href":"https:\/\/vdvphotographics.com\/wp-json\/wp\/v2\/pages\/629","targetHints":{"allow":["GET"]}}],"collection":[{"href":"https:\/\/vdvphotographics.com\/wp-json\/wp\/v2\/pages"}],"about":[{"href":"https:\/\/vdvphotographics.com\/wp-json\/wp\/v2\/types\/page"}],"author":[{"embeddable":true,"href":"https:\/\/vdvphotographics.com\/wp-json\/wp\/v2\/users\/2"}],"replies":[{"embeddable":true,"href":"https:\/\/vdvphotographics.com\/wp-json\/wp\/v2\/comments?post=629"}],"version-history":[{"count":4,"href":"https:\/\/vdvphotographics.com\/wp-json\/wp\/v2\/pages\/629\/revisions"}],"predecessor-version":[{"id":823,"href":"https:\/\/vdvphotographics.com\/wp-json\/wp\/v2\/pages\/629\/revisions\/823"}],"wp:attachment":[{"href":"https:\/\/vdvphotographics.com\/wp-json\/wp\/v2\/media?parent=629"}],"curies":[{"name":"wp","href":"https:\/\/api.w.org\/{rel}","templated":true}]}}