{"id":301,"date":"2024-10-25T14:16:26","date_gmt":"2024-10-25T12:16:26","guid":{"rendered":"https:\/\/vdvphotographics.com\/?page_id=301"},"modified":"2026-03-01T15:29:58","modified_gmt":"2026-03-01T14:29:58","slug":"digitization","status":"publish","type":"page","link":"https:\/\/vdvphotographics.com\/fr\/digitization\/","title":{"rendered":"Num\u00e9risation des n\u00e9gatifs"},"content":{"rendered":"\n<div class=\"wp-block-columns is-layout-flex wp-container-core-columns-is-layout-28f84493 wp-block-columns-is-layout-flex\">\n<div class=\"wp-block-column is-layout-flow wp-block-column-is-layout-flow\">\n<figure class=\"wp-block-image size-large\"><img loading=\"lazy\" decoding=\"async\" width=\"1024\" height=\"768\" src=\"https:\/\/vdvphotographics.com\/wp-content\/uploads\/2024\/09\/Negatieven-scannen-1-1024x768.jpg\" alt=\"\" class=\"wp-image-68\" srcset=\"https:\/\/vdvphotographics.com\/wp-content\/uploads\/2024\/09\/Negatieven-scannen-1-1024x768.jpg 1024w, https:\/\/vdvphotographics.com\/wp-content\/uploads\/2024\/09\/Negatieven-scannen-1-300x225.jpg 300w, https:\/\/vdvphotographics.com\/wp-content\/uploads\/2024\/09\/Negatieven-scannen-1-768x576.jpg 768w, https:\/\/vdvphotographics.com\/wp-content\/uploads\/2024\/09\/Negatieven-scannen-1.jpg 1400w\" sizes=\"auto, (max-width: 1024px) 100vw, 1024px\" \/><\/figure>\n\n\n\n<p><\/p>\n<\/div>\n\n\n\n<div class=\"wp-block-column is-layout-flow wp-block-column-is-layout-flow\">\n<p>Souhaitez-vous pr\u00e9server et num\u00e9riser vos pr\u00e9cieux souvenirs?<br>Ramenez vos n\u00e9gatifs au pr\u00e9sent gr\u00e2ce \u00e0 la num\u00e9risation professionnelle de VDV Photographics.<br>Pour un devis personnalis\u00e9, n\u2019h\u00e9sitez pas \u00e0 me contacter.<\/p>\n\n\n\n<div class=\"wp-block-buttons is-layout-flex wp-block-buttons-is-layout-flex\">\n<div class=\"wp-block-button\"><a class=\"wp-block-button__link wp-element-button\" href=\"https:\/\/vdvphotographics.com\/fr\/contact\/\">contact<\/a><\/div>\n<\/div>\n<\/div>\n<\/div>\n","protected":false},"excerpt":{"rendered":"<p>Souhaitez-vous pr\u00e9server et num\u00e9riser vos pr\u00e9cieux souvenirs?Ramenez vos n\u00e9gatifs au pr\u00e9sent gr\u00e2ce \u00e0 la num\u00e9risation professionnelle de VDV Photographics.Pour un devis personnalis\u00e9, n\u2019h\u00e9sitez pas \u00e0 me contacter.<\/p>\n","protected":false},"author":2,"featured_media":0,"parent":0,"menu_order":0,"comment_status":"closed","ping_status":"closed","template":"","meta":{"_locale":"fr_FR","_original_post":"https:\/\/vdvphotographics.com\/?page_id=66","footnotes":""},"class_list":["post-301","page","type-page","status-publish","hentry","fr-FR"],"_links":{"self":[{"href":"https:\/\/vdvphotographics.com\/wp-json\/wp\/v2\/pages\/301","targetHints":{"allow":["GET"]}}],"collection":[{"href":"https:\/\/vdvphotographics.com\/wp-json\/wp\/v2\/pages"}],"about":[{"href":"https:\/\/vdvphotographics.com\/wp-json\/wp\/v2\/types\/page"}],"author":[{"embeddable":true,"href":"https:\/\/vdvphotographics.com\/wp-json\/wp\/v2\/users\/2"}],"replies":[{"embeddable":true,"href":"https:\/\/vdvphotographics.com\/wp-json\/wp\/v2\/comments?post=301"}],"version-history":[{"count":3,"href":"https:\/\/vdvphotographics.com\/wp-json\/wp\/v2\/pages\/301\/revisions"}],"predecessor-version":[{"id":788,"href":"https:\/\/vdvphotographics.com\/wp-json\/wp\/v2\/pages\/301\/revisions\/788"}],"wp:attachment":[{"href":"https:\/\/vdvphotographics.com\/wp-json\/wp\/v2\/media?parent=301"}],"curies":[{"name":"wp","href":"https:\/\/api.w.org\/{rel}","templated":true}]}}