{"id":296,"date":"2024-10-25T14:09:36","date_gmt":"2024-10-25T12:09:36","guid":{"rendered":"https:\/\/vdvphotographics.com\/?page_id=296"},"modified":"2025-12-30T17:38:53","modified_gmt":"2025-12-30T16:38:53","slug":"about","status":"publish","type":"page","link":"https:\/\/vdvphotographics.com\/fr\/about\/","title":{"rendered":"\u00c0 propos"},"content":{"rendered":"\n<p><\/p>\n\n\n\n<div class=\"wp-block-columns is-layout-flex wp-container-core-columns-is-layout-28f84493 wp-block-columns-is-layout-flex\">\n<div class=\"wp-block-column is-layout-flow wp-block-column-is-layout-flow\">\n<figure class=\"wp-block-image size-large\"><img loading=\"lazy\" decoding=\"async\" width=\"1024\" height=\"829\" src=\"https:\/\/vdvphotographics.com\/wp-content\/uploads\/2024\/09\/Zelfportret-1-1024x829.jpg\" alt=\"\" class=\"wp-image-44\" srcset=\"https:\/\/vdvphotographics.com\/wp-content\/uploads\/2024\/09\/Zelfportret-1-1024x829.jpg 1024w, https:\/\/vdvphotographics.com\/wp-content\/uploads\/2024\/09\/Zelfportret-1-300x243.jpg 300w, https:\/\/vdvphotographics.com\/wp-content\/uploads\/2024\/09\/Zelfportret-1-768x622.jpg 768w, https:\/\/vdvphotographics.com\/wp-content\/uploads\/2024\/09\/Zelfportret-1.jpg 1400w\" sizes=\"auto, (max-width: 1024px) 100vw, 1024px\" \/><\/figure>\n<\/div>\n\n\n\n<div class=\"wp-block-column is-layout-flow wp-block-column-is-layout-flow\">\n<p>Salut, je suis Veerle De Vriendt !<\/p>\n\n\n\n<p>La photographie est ma langue, la lumi\u00e8re est mon pinceau.<br>En tant que photographe, je raconte des histoires en jouant avec les formes et les contrastes.<br>Je d\u00e9fie les limites de la photographie en trouvant la simplicit\u00e9 dans la complexit\u00e9.<br><br>Le choix entre la couleur et le noir et blanc agit comme une repr\u00e9sentation visuelle de mes \u00e9motions et de mon \u00e9tat d\u2019esprit. Il symbolise l\u2019interaction entre des souvenirs vifs et chaleureux, et des moments de m\u00e9lancolie, d\u2019angoisse, de d\u00e9tachement&#8230; Ainsi, mon lien \u00e9motionnel avec le pr\u00e9sent, le pass\u00e9 et l\u2019avenir devient tangible.<\/p>\n\n\n\n<p>L\u2019aspect graphique n\u2019est jamais loin dans mon langage visuel : il sommeille dans chaque composition, dans chaque jeu de lignes, comme un prolongement naturel de ce que je suis. Cette pens\u00e9e visuelle trouve son origine dans ma formation en design graphique, mais elle va au-del\u00e0 de la technique ou de la th\u00e9orie. C\u2019est une mani\u00e8re de voir, une mani\u00e8re de vivre.<\/p>\n<\/div>\n<\/div>\n\n\n\n<h4 class=\"wp-block-heading\">Appareils photo<\/h4>\n\n\n\n<p>Hasselblad 903swc (appareil photo moyen format m\u00e9canique)<br>avec objectif Carl Zeiss Biogon<br>Fujifilm GFX 50s (appareil photo num\u00e9rique moyen format)<br>Nikon F5 (appareil photo reflex argentique)<\/p>\n\n\n\n<h4 class=\"wp-block-heading\">Formations<\/h4>\n\n\n\n<p>2020 &#8211; 2024<br>Photographie artistique, Acad\u00e9mie Sint-Lucas, Gand<\/p>\n\n\n\n<p>2017 &#8211; 2018<br>Photographie de studio et de produit, Mediaschool Campus P\u00e9lichy, Gandbrugge<\/p>\n\n\n\n<p>2017<br>Lightroom, Mediaschool Campus P\u00e9lichy, Gandbrugge<\/p>\n\n\n\n<p>2008 &#8211; 2009<br>Arts visuels : Design graphique (professionnel),<br>Haute \u00c9cole Sint-Lucas Gand<\/p>\n\n\n\n<p>2007 &#8211; 2008<br>Arts visuels : Design graphique (acad\u00e9mique),<br>Haute \u00c9cole Sint-Lucas Gand<\/p>\n\n\n\n<p>2003 &#8211; 2007<br>C\u00e9ramique chez l&rsquo;artiste Fran\u00e7oise Busin<\/p>\n\n\n\n<p>1995 &#8211; 1999<br>Photographie en noir et blanc analogique et techniques d&rsquo;impression argentique : Institut sup\u00e9rieur pour les formations graphiques, Mariakerke<\/p>\n","protected":false},"excerpt":{"rendered":"<p>Salut, je suis Veerle De Vriendt ! La photographie est ma langue, la lumi\u00e8re est mon pinceau.En tant que photographe, je raconte des histoires en jouant avec les formes et les contrastes.Je d\u00e9fie les limites de la photographie en trouvant la simplicit\u00e9 dans la complexit\u00e9. Le choix entre la couleur et le noir et blanc [&hellip;]<\/p>\n","protected":false},"author":2,"featured_media":0,"parent":0,"menu_order":0,"comment_status":"closed","ping_status":"closed","template":"","meta":{"_locale":"fr_FR","_original_post":"https:\/\/vdvphotographics.com\/?page_id=43","footnotes":""},"class_list":["post-296","page","type-page","status-publish","hentry","fr-FR"],"_links":{"self":[{"href":"https:\/\/vdvphotographics.com\/wp-json\/wp\/v2\/pages\/296","targetHints":{"allow":["GET"]}}],"collection":[{"href":"https:\/\/vdvphotographics.com\/wp-json\/wp\/v2\/pages"}],"about":[{"href":"https:\/\/vdvphotographics.com\/wp-json\/wp\/v2\/types\/page"}],"author":[{"embeddable":true,"href":"https:\/\/vdvphotographics.com\/wp-json\/wp\/v2\/users\/2"}],"replies":[{"embeddable":true,"href":"https:\/\/vdvphotographics.com\/wp-json\/wp\/v2\/comments?post=296"}],"version-history":[{"count":13,"href":"https:\/\/vdvphotographics.com\/wp-json\/wp\/v2\/pages\/296\/revisions"}],"predecessor-version":[{"id":634,"href":"https:\/\/vdvphotographics.com\/wp-json\/wp\/v2\/pages\/296\/revisions\/634"}],"wp:attachment":[{"href":"https:\/\/vdvphotographics.com\/wp-json\/wp\/v2\/media?parent=296"}],"curies":[{"name":"wp","href":"https:\/\/api.w.org\/{rel}","templated":true}]}}